{"id":95,"date":"2023-05-11T08:18:47","date_gmt":"2023-05-11T08:18:47","guid":{"rendered":"https:\/\/knowlittlemore.com\/?page_id=95"},"modified":"2024-11-28T11:12:24","modified_gmt":"2024-11-28T10:12:24","slug":"about","status":"publish","type":"page","link":"https:\/\/knowlittlemore.com\/tr\/about\/","title":{"rendered":"Hakk\u0131nda"},"content":{"rendered":"<p class=\"\">\u0130lginiz i\u00e7in te\u015fekk\u00fcr ederiz, hakk\u0131m\u0131zda bilgi edinmek istemeniz bizi mutlu etti!<\/p>\n\n\n\n<p class=\"\">G\u00fcn\u00fcm\u00fczde, internet ba\u015f\u0131nda saatler ge\u00e7irmek ka\u00e7\u0131n\u0131lmaz bir hale geldi. Bir \u00e7o\u011fumuz her g\u00fcn saatlerce \u00e7e\u015fitli platformlarda vakit ge\u00e7irmekteyiz. \u0130nterneti verimli ve etkili bir \u015fekilde kullanmak dururken, \u00e7o\u011fumuz bunu yapm\u0131yoruz (ya da yapam\u0131yoruz). Bunun yerine, \u00e7o\u011funlukla sosyal medya \u00fczerinden yukar\u0131 a\u015fa\u011f\u0131 kayd\u0131rarak zaman\u0131m\u0131z\u0131 \u00f6ld\u00fcrmeyi tercih ediyoruz (ya da buna zorlan\u0131yoruz). Dahas\u0131, internet uygun olmayan i\u00e7eriklerle dolu ve her yerde d\u00fcnyam\u0131z\u0131 zehirleyen, zihin kirletici d\u00fc\u015f\u00fcnceler ve fikirler var. Bu site, her ya\u015ftan insanlar i\u00e7in internetin g\u00fcvenli bir sayfas\u0131 olmay\u0131 ama\u00e7lamakta ve okuyucular\u0131n d\u00fc\u015f\u00fcnce d\u00fcnyas\u0131na olumlu katk\u0131lar sa\u011flamay\u0131 hedeflemektedir. Burada sa\u011fl\u0131k, do\u011fa, ilgi \u00e7ekici bilgiler ve g\u00fcnl\u00fck i\u015flerimizin arkas\u0131ndaki bilimsel a\u00e7\u0131klamalar gibi bir \u00e7ok farkl\u0131 konu ele al\u0131nacakt\u0131r! <strong>kill<\/strong> our <strong>time<\/strong> and <strong>productivity<\/strong> scrolling up and down on social media. Moreover, internet is full of inappropriate content and there are mind-polluting thoughts and ideas everywhere that poison our world of thought. This website will try to be a safe island on internet for people of all ages which contributes positively to readers\u00b4 world of thought.  Here, wide variety of topics such as health, interesting facts about nature, or science behind the everyday tasks will be covered!<\/p>\n\n\n\n<h2 class=\"wp-block-heading\">Ama\u00e7lar\u0131m\u0131z <\/h2>\n\n\n\n<ul class=\"wp-block-list\">\n<li class=\"\">Uygunsuz i\u00e7erikten uzak, <strong>g\u00fcvenli bir ortam<\/strong> olu\u015fturmak.<\/li>\n\n\n\n<li class=\"\">To help everyone spend their time for something <strong>worthwhile<\/strong>.<\/li>\n\n\n\n<li class=\"\">\u0130nternette <strong>minimise the time wasted online.<\/strong><\/li>\n\n\n\n<li class=\"\">To encourage everyone to enjoy <strong>reading<\/strong>.<\/li>\n\n\n\n<li class=\"\">Gen\u00e7lere <strong>ara\u015ft\u0131rman\u0131n \u00e7ok zevkli oldu\u011funu<\/strong> ve g\u00fczel bir u\u011fra\u015f oldu\u011funu g\u00f6stermek.<\/li>\n\n\n\n<li class=\"\">Bir \u00e7ok farkl\u0131 konuda az da olsa bilgilendirmek.<\/li>\n<\/ul>\n\n\n\n<p class=\"\"><\/p>\n\n\n\n<p class=\"\">Umar\u0131m i\u00e7eriklerimi be\u011fenirsiniz ve bu platformun devam edebilmesi i\u00e7in beni desteklersiniz. \u0130leti\u015fim kurmak isterseniz, ileti\u015fim k\u0131sm\u0131ndan bana ula\u015fabilirsiniz. \n\nTe\u015fekk\u00fcrler! <\/p>\n\n\n\n<p class=\"\"><\/p>\n<div class=\"pld-like-dislike-wrap pld-template-1\">\r\n    <div class=\"pld-like-wrap  pld-common-wrap\">\r\n    <a href=\"https:\/\/knowlittlemore.com\/tr\/login-2\/?redirect_to=httpsknowlittlemore.comaccount\" class=\"pld-like-trigger pld-like-dislike-trigger\" title=\"\" data-post-id=\"95\" data-trigger-type=\"like\" data-restriction=\"user\" data-already-liked=\"0\">\r\n                        <i class=\"fas fa-thumbs-up\"><\/i>\r\n                <\/a>\r\n    <span class=\"pld-like-count-wrap pld-count-wrap\">0    <\/span>\r\n<\/div><div class=\"pld-dislike-wrap  pld-common-wrap\">\r\n    <a href=\"https:\/\/knowlittlemore.com\/tr\/login-2\/?redirect_to=httpsknowlittlemore.comaccount\" class=\"pld-dislike-trigger pld-like-dislike-trigger\" title=\"\" data-post-id=\"95\" data-trigger-type=\"dislike\" data-restriction=\"user\" data-already-liked=\"0\">\r\n                        <i class=\"fas fa-thumbs-down\"><\/i>\r\n                <\/a>\r\n    <span class=\"pld-dislike-count-wrap pld-count-wrap\">0<\/span>\r\n<\/div><\/div>","protected":false},"excerpt":{"rendered":"<p>Thank you for your interest to know little more about us! Today, browsing the internet is inevitable and most of us spend hours daily on various platforms. Although the internet could be used in an effective and useful way, most of us don&#8217;t (or can&#8217;t) do that. Instead, we choose (or forced) to kill our [&hellip;]<\/p>\n","protected":false},"author":1,"featured_media":0,"parent":0,"menu_order":0,"comment_status":"closed","ping_status":"closed","template":"","meta":{"nf_dc_page":"about","jetpack_post_was_ever_published":false,"footnotes":""},"class_list":["post-95","page","type-page","status-publish","hentry"],"yoast_head":"<!-- This site is optimized with the Yoast SEO plugin v27.4 - https:\/\/yoast.com\/product\/yoast-seo-wordpress\/ -->\n<title>About - Know little more<\/title>\n<meta name=\"description\" content=\"A webpage designed to share interesting facts while ensuring to have appropriate content only! Check it out and join our comunity!\" \/>\n<meta name=\"robots\" content=\"index, follow, max-snippet:-1, max-image-preview:large, max-video-preview:-1\" \/>\n<link rel=\"canonical\" href=\"https:\/\/knowlittlemore.com\/tr\/about\/\" \/>\n<meta property=\"og:locale\" content=\"tr_TR\" \/>\n<meta property=\"og:type\" content=\"article\" \/>\n<meta property=\"og:title\" content=\"About - Know little more\" \/>\n<meta property=\"og:description\" content=\"A webpage designed to share interesting facts while ensuring to have appropriate content only! Check it out and join our comunity!\" \/>\n<meta property=\"og:url\" content=\"https:\/\/knowlittlemore.com\/tr\/about\/\" \/>\n<meta property=\"og:site_name\" content=\"Know little more\" \/>\n<meta property=\"article:modified_time\" content=\"2024-11-28T10:12:24+00:00\" \/>\n<meta name=\"twitter:card\" content=\"summary_large_image\" \/>\n<meta name=\"twitter:label1\" content=\"Tahmini okuma s\u00fcresi\" \/>\n\t<meta name=\"twitter:data1\" content=\"1 dakika\" \/>\n<script type=\"application\/ld+json\" class=\"yoast-schema-graph\">{\"@context\":\"https:\\\/\\\/schema.org\",\"@graph\":[{\"@type\":\"WebPage\",\"@id\":\"https:\\\/\\\/knowlittlemore.com\\\/about\\\/\",\"url\":\"https:\\\/\\\/knowlittlemore.com\\\/about\\\/\",\"name\":\"About - Know little more\",\"isPartOf\":{\"@id\":\"https:\\\/\\\/knowlittlemore.com\\\/#website\"},\"datePublished\":\"2023-05-11T08:18:47+00:00\",\"dateModified\":\"2024-11-28T10:12:24+00:00\",\"description\":\"A webpage designed to share interesting facts while ensuring to have appropriate content only! Check it out and join our comunity!\",\"breadcrumb\":{\"@id\":\"https:\\\/\\\/knowlittlemore.com\\\/about\\\/#breadcrumb\"},\"inLanguage\":\"tr\",\"potentialAction\":[{\"@type\":\"ReadAction\",\"target\":[\"https:\\\/\\\/knowlittlemore.com\\\/about\\\/\"]}]},{\"@type\":\"BreadcrumbList\",\"@id\":\"https:\\\/\\\/knowlittlemore.com\\\/about\\\/#breadcrumb\",\"itemListElement\":[{\"@type\":\"ListItem\",\"position\":1,\"name\":\"Home\",\"item\":\"https:\\\/\\\/knowlittlemore.com\\\/\"},{\"@type\":\"ListItem\",\"position\":2,\"name\":\"About\"}]},{\"@type\":\"WebSite\",\"@id\":\"https:\\\/\\\/knowlittlemore.com\\\/#website\",\"url\":\"https:\\\/\\\/knowlittlemore.com\\\/\",\"name\":\"Know little more\",\"description\":\"Something new with every article!\",\"publisher\":{\"@id\":\"https:\\\/\\\/knowlittlemore.com\\\/#\\\/schema\\\/person\\\/1790ecddc6ad8f421cfc0d5bf01d4ed5\"},\"potentialAction\":[{\"@type\":\"SearchAction\",\"target\":{\"@type\":\"EntryPoint\",\"urlTemplate\":\"https:\\\/\\\/knowlittlemore.com\\\/?s={search_term_string}\"},\"query-input\":{\"@type\":\"PropertyValueSpecification\",\"valueRequired\":true,\"valueName\":\"search_term_string\"}}],\"inLanguage\":\"tr\"},{\"@type\":[\"Person\",\"Organization\"],\"@id\":\"https:\\\/\\\/knowlittlemore.com\\\/#\\\/schema\\\/person\\\/1790ecddc6ad8f421cfc0d5bf01d4ed5\",\"name\":\"Know Little More\",\"image\":{\"@type\":\"ImageObject\",\"inLanguage\":\"tr\",\"@id\":\"https:\\\/\\\/secure.gravatar.com\\\/avatar\\\/33efed0653c96b26f180d68ac14641374f500f8ad327d45f95f9c9009598c053?s=96&d=wavatar&r=g\",\"url\":\"https:\\\/\\\/secure.gravatar.com\\\/avatar\\\/33efed0653c96b26f180d68ac14641374f500f8ad327d45f95f9c9009598c053?s=96&d=wavatar&r=g\",\"contentUrl\":\"https:\\\/\\\/secure.gravatar.com\\\/avatar\\\/33efed0653c96b26f180d68ac14641374f500f8ad327d45f95f9c9009598c053?s=96&d=wavatar&r=g\",\"caption\":\"Know Little More\"},\"logo\":{\"@id\":\"https:\\\/\\\/secure.gravatar.com\\\/avatar\\\/33efed0653c96b26f180d68ac14641374f500f8ad327d45f95f9c9009598c053?s=96&d=wavatar&r=g\"},\"description\":\"I love learning new things and want to share what I learn with you. If you want to learn about a topic, ask for it in the comments, Dm me on X or contact me through contact form.\"}]}<\/script>\n<!-- \/ Yoast SEO plugin. -->","yoast_head_json":{"title":"About - Know little more","description":"A webpage designed to share interesting facts while ensuring to have appropriate content only! Check it out and join our comunity!","robots":{"index":"index","follow":"follow","max-snippet":"max-snippet:-1","max-image-preview":"max-image-preview:large","max-video-preview":"max-video-preview:-1"},"canonical":"https:\/\/knowlittlemore.com\/tr\/about\/","og_locale":"tr_TR","og_type":"article","og_title":"About - Know little more","og_description":"A webpage designed to share interesting facts while ensuring to have appropriate content only! Check it out and join our comunity!","og_url":"https:\/\/knowlittlemore.com\/tr\/about\/","og_site_name":"Know little more","article_modified_time":"2024-11-28T10:12:24+00:00","twitter_card":"summary_large_image","twitter_misc":{"Tahmini okuma s\u00fcresi":"1 dakika"},"schema":{"@context":"https:\/\/schema.org","@graph":[{"@type":"WebPage","@id":"https:\/\/knowlittlemore.com\/about\/","url":"https:\/\/knowlittlemore.com\/about\/","name":"About - Know little more","isPartOf":{"@id":"https:\/\/knowlittlemore.com\/#website"},"datePublished":"2023-05-11T08:18:47+00:00","dateModified":"2024-11-28T10:12:24+00:00","description":"A webpage designed to share interesting facts while ensuring to have appropriate content only! Check it out and join our comunity!","breadcrumb":{"@id":"https:\/\/knowlittlemore.com\/about\/#breadcrumb"},"inLanguage":"tr","potentialAction":[{"@type":"ReadAction","target":["https:\/\/knowlittlemore.com\/about\/"]}]},{"@type":"BreadcrumbList","@id":"https:\/\/knowlittlemore.com\/about\/#breadcrumb","itemListElement":[{"@type":"ListItem","position":1,"name":"Home","item":"https:\/\/knowlittlemore.com\/"},{"@type":"ListItem","position":2,"name":"About"}]},{"@type":"WebSite","@id":"https:\/\/knowlittlemore.com\/#website","url":"https:\/\/knowlittlemore.com\/","name":"Know little more","description":"Her yaz\u0131da yeni bir bilgi!","publisher":{"@id":"https:\/\/knowlittlemore.com\/#\/schema\/person\/1790ecddc6ad8f421cfc0d5bf01d4ed5"},"potentialAction":[{"@type":"SearchAction","target":{"@type":"EntryPoint","urlTemplate":"https:\/\/knowlittlemore.com\/?s={search_term_string}"},"query-input":{"@type":"PropertyValueSpecification","valueRequired":true,"valueName":"search_term_string"}}],"inLanguage":"tr"},{"@type":["Person","Organization"],"@id":"https:\/\/knowlittlemore.com\/#\/schema\/person\/1790ecddc6ad8f421cfc0d5bf01d4ed5","name":"Know Little More","image":{"@type":"ImageObject","inLanguage":"tr","@id":"https:\/\/secure.gravatar.com\/avatar\/33efed0653c96b26f180d68ac14641374f500f8ad327d45f95f9c9009598c053?s=96&d=wavatar&r=g","url":"https:\/\/secure.gravatar.com\/avatar\/33efed0653c96b26f180d68ac14641374f500f8ad327d45f95f9c9009598c053?s=96&d=wavatar&r=g","contentUrl":"https:\/\/secure.gravatar.com\/avatar\/33efed0653c96b26f180d68ac14641374f500f8ad327d45f95f9c9009598c053?s=96&d=wavatar&r=g","caption":"Know Little More"},"logo":{"@id":"https:\/\/secure.gravatar.com\/avatar\/33efed0653c96b26f180d68ac14641374f500f8ad327d45f95f9c9009598c053?s=96&d=wavatar&r=g"},"description":"I love learning new things and want to share what I learn with you. If you want to learn about a topic, ask for it in the comments, Dm me on X or contact me through contact form."}]}},"jetpack-related-posts":[],"jetpack_likes_enabled":true,"jetpack_sharing_enabled":true,"jetpack_shortlink":"https:\/\/wp.me\/PeO6Ev-1x","_links":{"self":[{"href":"https:\/\/knowlittlemore.com\/tr\/wp-json\/wp\/v2\/pages\/95","targetHints":{"allow":["GET"]}}],"collection":[{"href":"https:\/\/knowlittlemore.com\/tr\/wp-json\/wp\/v2\/pages"}],"about":[{"href":"https:\/\/knowlittlemore.com\/tr\/wp-json\/wp\/v2\/types\/page"}],"author":[{"embeddable":true,"href":"https:\/\/knowlittlemore.com\/tr\/wp-json\/wp\/v2\/users\/1"}],"replies":[{"embeddable":true,"href":"https:\/\/knowlittlemore.com\/tr\/wp-json\/wp\/v2\/comments?post=95"}],"version-history":[{"count":2,"href":"https:\/\/knowlittlemore.com\/tr\/wp-json\/wp\/v2\/pages\/95\/revisions"}],"predecessor-version":[{"id":149,"href":"https:\/\/knowlittlemore.com\/tr\/wp-json\/wp\/v2\/pages\/95\/revisions\/149"}],"wp:attachment":[{"href":"https:\/\/knowlittlemore.com\/tr\/wp-json\/wp\/v2\/media?parent=95"}],"curies":[{"name":"wp","href":"https:\/\/api.w.org\/{rel}","templated":true}]}}