{"id":91,"date":"2023-05-11T06:20:30","date_gmt":"2023-05-11T06:20:30","guid":{"rendered":"https:\/\/knowlittlemore.com\/?page_id=91"},"modified":"2023-05-11T06:20:33","modified_gmt":"2023-05-11T06:20:33","slug":"contact","status":"publish","type":"page","link":"https:\/\/knowlittlemore.com\/tr\/contact\/","title":{"rendered":"\u0130leti\u015fim"},"content":{"rendered":"\n<p>Please fill out the form below and we&#8217;ll be in touch.<\/p>\n\n\n<div class=\"wpforms-container wpforms-container-full wpforms-render-modern\" id=\"wpforms-91\"><form id=\"wpforms-form-90\" class=\"wpforms-validate wpforms-form wpforms-ajax-form\" data-formid=\"90\" method=\"post\" enctype=\"multipart\/form-data\" action=\"\/tr\/wp-json\/wp\/v2\/pages\/91\" data-token=\"6cc24d6ce053e673be92fc7b08662438\" data-token-time=\"1776960604\"><noscript class=\"wpforms-error-noscript\">Bu formu bitirebilmek i\u00e7in taray\u0131c\u0131n\u0131zda JavaScript&#039;i etkinle\u015ftirin.<\/noscript><div id=\"wpforms-error-noscript\" style=\"display: none;\">Bu formu bitirebilmek i\u00e7in taray\u0131c\u0131n\u0131zda JavaScript&#039;i etkinle\u015ftirin.<\/div><div class=\"wpforms-field-container\"><div id=\"wpforms-91-field_0-container\" class=\"wpforms-field wpforms-field-name\" data-field-id=\"0\"><label class=\"wpforms-field-label\" for=\"wpforms-91-field_0\">Name <span class=\"wpforms-required-label\" aria-hidden=\"true\">*<\/span><\/label><input type=\"text\" id=\"wpforms-91-field_0\" class=\"wpforms-field-medium wpforms-field-required\" name=\"wpforms[fields][0]\" aria-errormessage=\"wpforms-91-field_0-error\" required><\/div><div id=\"wpforms-91-field_1-container\" class=\"wpforms-field wpforms-field-email\" data-field-id=\"1\"><label class=\"wpforms-field-label\" for=\"wpforms-91-field_1\">Email <span class=\"wpforms-required-label\" aria-hidden=\"true\">*<\/span><\/label><input type=\"email\" id=\"wpforms-91-field_1\" class=\"wpforms-field-medium wpforms-field-required\" name=\"wpforms[fields][1]\" spellcheck=\"false\" aria-errormessage=\"wpforms-91-field_1-error\" required><\/div><div id=\"wpforms-91-field_2-container\" class=\"wpforms-field wpforms-field-textarea\" data-field-id=\"2\"><label class=\"wpforms-field-label\" for=\"wpforms-91-field_2\">Message <span class=\"wpforms-required-label\" aria-hidden=\"true\">*<\/span><\/label><textarea id=\"wpforms-91-field_2\" class=\"wpforms-field-medium wpforms-field-required\" name=\"wpforms[fields][2]\" aria-errormessage=\"wpforms-91-field_2-error\" required><\/textarea><\/div><\/div><!-- .wpforms-field-container -->\r\n\t\t\t<script>\r\n\t\t\tif ( typeof huOptions !== 'undefined' ) {\r\n\t\t\t\tvar huFormData = [];\r\n\t\t\t\tvar huFormNode = document.querySelector( '[id=\"wpforms-91\"] form' );\r\n\r\n\t\t\t\tvar firstName = huFormNode.querySelector( 'input.wpforms-field-name-first' );\r\n\t\t\t\tvar lastName = huFormNode.querySelector( 'input.wpforms-field-name-last' );\r\n\r\n\t\t\t\tif ( firstName )\r\n\t\t\t\t\thuFormData['fields']['subject']['first_name'] = firstName.getAttribute( 'name' );\r\n\r\n\t\t\t\tif ( lastName )\r\n\t\t\t\t\thuFormData['fields']['subject']['last_name'] = lastName.getAttribute( 'name' );\r\n\r\n\t\t\t\thuFormData['node'] = huFormNode;\r\n\t\t\t\thuOptions['forms'].push( huFormData );\r\n\t\t\t}\r\n\t\t\t<\/script><div class=\"wpforms-submit-container\" ><input type=\"hidden\" name=\"wpforms[id]\" value=\"91\"><input type=\"hidden\" name=\"page_title\" value=\"\"><input type=\"hidden\" name=\"page_url\" value=\"https:\/\/knowlittlemore.com\/tr\/wp-json\/wp\/v2\/pages\/91\"><input type=\"hidden\" name=\"url_referer\" value=\"\"><button type=\"submit\" name=\"wpforms[submit]\" id=\"wpforms-submit-91\" class=\"wpforms-submit\" data-alt-text=\"Sending...\" data-submit-text=\"Submit\" aria-live=\"assertive\" value=\"wpforms-submit\">Submit<\/button><img loading=\"lazy\" decoding=\"async\" src=\"https:\/\/knowlittlemore.com\/wp-content\/plugins\/wpforms-lite\/assets\/images\/submit-spin.svg\" class=\"wpforms-submit-spinner\" style=\"display: none;\" width=\"26\" height=\"26\" alt=\"Y\u00fckleniyor\"><\/div><\/form><\/div>  <!-- .wpforms-container --><div class=\"pld-like-dislike-wrap pld-template-1\">\r\n    <div class=\"pld-like-wrap  pld-common-wrap\">\r\n    <a href=\"https:\/\/knowlittlemore.com\/login-2\/?redirect_to=httpsknowlittlemore.comaccount\" class=\"pld-like-trigger pld-like-dislike-trigger  \" title=\"\" data-post-id=\"91\" data-trigger-type=\"like\" data-restriction=\"user\" data-already-liked=\"0\">\r\n                        <i class=\"fas fa-thumbs-up\"><\/i>\r\n                <\/a>\r\n    <span class=\"pld-like-count-wrap pld-count-wrap\">0    <\/span>\r\n<\/div><div class=\"pld-dislike-wrap  pld-common-wrap\">\r\n    <a href=\"https:\/\/knowlittlemore.com\/login-2\/?redirect_to=httpsknowlittlemore.comaccount\" class=\"pld-dislike-trigger pld-like-dislike-trigger  \" title=\"\" data-post-id=\"91\" data-trigger-type=\"dislike\" data-restriction=\"user\" data-already-liked=\"0\">\r\n                        <i class=\"fas fa-thumbs-down\"><\/i>\r\n                <\/a>\r\n    <span class=\"pld-dislike-count-wrap pld-count-wrap\">0<\/span>\r\n<\/div><\/div>","protected":false},"excerpt":{"rendered":"<p>Please fill out the form below and we&#8217;ll be in touch. 0 0<\/p>","protected":false},"author":1,"featured_media":0,"parent":0,"menu_order":0,"comment_status":"closed","ping_status":"closed","template":"","meta":{"nf_dc_page":"contact","jetpack_post_was_ever_published":false,"footnotes":""},"class_list":["post-91","page","type-page","status-publish","hentry"],"yoast_head":"<!-- This site is optimized with the Yoast SEO plugin v27.4 - https:\/\/yoast.com\/product\/yoast-seo-wordpress\/ -->\n<title>Contact - Know little more<\/title>\n<meta name=\"robots\" content=\"index, follow, max-snippet:-1, max-image-preview:large, max-video-preview:-1\" \/>\n<link rel=\"canonical\" href=\"https:\/\/knowlittlemore.com\/tr\/contact\/\" \/>\n<meta property=\"og:locale\" content=\"tr_TR\" \/>\n<meta property=\"og:type\" content=\"article\" \/>\n<meta property=\"og:title\" content=\"Contact - Know little more\" \/>\n<meta property=\"og:description\" content=\"Please fill out the form below and we&#8217;ll be in touch. 0 0\" \/>\n<meta property=\"og:url\" content=\"https:\/\/knowlittlemore.com\/tr\/contact\/\" \/>\n<meta property=\"og:site_name\" content=\"Know little more\" \/>\n<meta property=\"article:modified_time\" content=\"2023-05-11T06:20:33+00:00\" \/>\n<meta name=\"twitter:card\" content=\"summary_large_image\" \/>\n<meta name=\"twitter:label1\" content=\"Tahmini okuma s\u00fcresi\" \/>\n\t<meta name=\"twitter:data1\" content=\"1 dakika\" \/>\n<script type=\"application\/ld+json\" class=\"yoast-schema-graph\">{\"@context\":\"https:\\\/\\\/schema.org\",\"@graph\":[{\"@type\":\"WebPage\",\"@id\":\"https:\\\/\\\/knowlittlemore.com\\\/contact\\\/\",\"url\":\"https:\\\/\\\/knowlittlemore.com\\\/contact\\\/\",\"name\":\"Contact - Know little more\",\"isPartOf\":{\"@id\":\"https:\\\/\\\/knowlittlemore.com\\\/#website\"},\"datePublished\":\"2023-05-11T06:20:30+00:00\",\"dateModified\":\"2023-05-11T06:20:33+00:00\",\"breadcrumb\":{\"@id\":\"https:\\\/\\\/knowlittlemore.com\\\/contact\\\/#breadcrumb\"},\"inLanguage\":\"tr\",\"potentialAction\":[{\"@type\":\"ReadAction\",\"target\":[\"https:\\\/\\\/knowlittlemore.com\\\/contact\\\/\"]}]},{\"@type\":\"BreadcrumbList\",\"@id\":\"https:\\\/\\\/knowlittlemore.com\\\/contact\\\/#breadcrumb\",\"itemListElement\":[{\"@type\":\"ListItem\",\"position\":1,\"name\":\"Home\",\"item\":\"https:\\\/\\\/knowlittlemore.com\\\/\"},{\"@type\":\"ListItem\",\"position\":2,\"name\":\"Contact\"}]},{\"@type\":\"WebSite\",\"@id\":\"https:\\\/\\\/knowlittlemore.com\\\/#website\",\"url\":\"https:\\\/\\\/knowlittlemore.com\\\/\",\"name\":\"Know little more\",\"description\":\"Something new with every article!\",\"publisher\":{\"@id\":\"https:\\\/\\\/knowlittlemore.com\\\/#\\\/schema\\\/person\\\/1790ecddc6ad8f421cfc0d5bf01d4ed5\"},\"potentialAction\":[{\"@type\":\"SearchAction\",\"target\":{\"@type\":\"EntryPoint\",\"urlTemplate\":\"https:\\\/\\\/knowlittlemore.com\\\/?s={search_term_string}\"},\"query-input\":{\"@type\":\"PropertyValueSpecification\",\"valueRequired\":true,\"valueName\":\"search_term_string\"}}],\"inLanguage\":\"tr\"},{\"@type\":[\"Person\",\"Organization\"],\"@id\":\"https:\\\/\\\/knowlittlemore.com\\\/#\\\/schema\\\/person\\\/1790ecddc6ad8f421cfc0d5bf01d4ed5\",\"name\":\"Know Little More\",\"image\":{\"@type\":\"ImageObject\",\"inLanguage\":\"tr\",\"@id\":\"https:\\\/\\\/secure.gravatar.com\\\/avatar\\\/33efed0653c96b26f180d68ac14641374f500f8ad327d45f95f9c9009598c053?s=96&d=wavatar&r=g\",\"url\":\"https:\\\/\\\/secure.gravatar.com\\\/avatar\\\/33efed0653c96b26f180d68ac14641374f500f8ad327d45f95f9c9009598c053?s=96&d=wavatar&r=g\",\"contentUrl\":\"https:\\\/\\\/secure.gravatar.com\\\/avatar\\\/33efed0653c96b26f180d68ac14641374f500f8ad327d45f95f9c9009598c053?s=96&d=wavatar&r=g\",\"caption\":\"Know Little More\"},\"logo\":{\"@id\":\"https:\\\/\\\/secure.gravatar.com\\\/avatar\\\/33efed0653c96b26f180d68ac14641374f500f8ad327d45f95f9c9009598c053?s=96&d=wavatar&r=g\"},\"description\":\"I love learning new things and want to share what I learn with you. If you want to learn about a topic, ask for it in the comments, Dm me on X or contact me through contact form.\"}]}<\/script>\n<!-- \/ Yoast SEO plugin. -->","yoast_head_json":{"title":"Contact - Know little more","robots":{"index":"index","follow":"follow","max-snippet":"max-snippet:-1","max-image-preview":"max-image-preview:large","max-video-preview":"max-video-preview:-1"},"canonical":"https:\/\/knowlittlemore.com\/tr\/contact\/","og_locale":"tr_TR","og_type":"article","og_title":"Contact - Know little more","og_description":"Please fill out the form below and we&#8217;ll be in touch. 0 0","og_url":"https:\/\/knowlittlemore.com\/tr\/contact\/","og_site_name":"Know little more","article_modified_time":"2023-05-11T06:20:33+00:00","twitter_card":"summary_large_image","twitter_misc":{"Tahmini okuma s\u00fcresi":"1 dakika"},"schema":{"@context":"https:\/\/schema.org","@graph":[{"@type":"WebPage","@id":"https:\/\/knowlittlemore.com\/contact\/","url":"https:\/\/knowlittlemore.com\/contact\/","name":"Contact - Know little more","isPartOf":{"@id":"https:\/\/knowlittlemore.com\/#website"},"datePublished":"2023-05-11T06:20:30+00:00","dateModified":"2023-05-11T06:20:33+00:00","breadcrumb":{"@id":"https:\/\/knowlittlemore.com\/contact\/#breadcrumb"},"inLanguage":"tr","potentialAction":[{"@type":"ReadAction","target":["https:\/\/knowlittlemore.com\/contact\/"]}]},{"@type":"BreadcrumbList","@id":"https:\/\/knowlittlemore.com\/contact\/#breadcrumb","itemListElement":[{"@type":"ListItem","position":1,"name":"Home","item":"https:\/\/knowlittlemore.com\/"},{"@type":"ListItem","position":2,"name":"Contact"}]},{"@type":"WebSite","@id":"https:\/\/knowlittlemore.com\/#website","url":"https:\/\/knowlittlemore.com\/","name":"Know little more","description":"Her yaz\u0131da yeni bir bilgi!","publisher":{"@id":"https:\/\/knowlittlemore.com\/#\/schema\/person\/1790ecddc6ad8f421cfc0d5bf01d4ed5"},"potentialAction":[{"@type":"SearchAction","target":{"@type":"EntryPoint","urlTemplate":"https:\/\/knowlittlemore.com\/?s={search_term_string}"},"query-input":{"@type":"PropertyValueSpecification","valueRequired":true,"valueName":"search_term_string"}}],"inLanguage":"tr"},{"@type":["Person","Organization"],"@id":"https:\/\/knowlittlemore.com\/#\/schema\/person\/1790ecddc6ad8f421cfc0d5bf01d4ed5","name":"Know Little More","image":{"@type":"ImageObject","inLanguage":"tr","@id":"https:\/\/secure.gravatar.com\/avatar\/33efed0653c96b26f180d68ac14641374f500f8ad327d45f95f9c9009598c053?s=96&d=wavatar&r=g","url":"https:\/\/secure.gravatar.com\/avatar\/33efed0653c96b26f180d68ac14641374f500f8ad327d45f95f9c9009598c053?s=96&d=wavatar&r=g","contentUrl":"https:\/\/secure.gravatar.com\/avatar\/33efed0653c96b26f180d68ac14641374f500f8ad327d45f95f9c9009598c053?s=96&d=wavatar&r=g","caption":"Know Little More"},"logo":{"@id":"https:\/\/secure.gravatar.com\/avatar\/33efed0653c96b26f180d68ac14641374f500f8ad327d45f95f9c9009598c053?s=96&d=wavatar&r=g"},"description":"I love learning new things and want to share what I learn with you. If you want to learn about a topic, ask for it in the comments, Dm me on X or contact me through contact form."}]}},"jetpack-related-posts":[{"id":95,"url":"https:\/\/knowlittlemore.com\/tr\/about\/","url_meta":{"origin":91,"position":0},"title":"Hakk\u0131nda","author":"Know Little More","date":"May\u0131s 11, 2023","format":false,"excerpt":"Thank you for your interest to know little more about us! Today, browsing the internet is inevitable and most of us spend hours daily on various platforms. Although the internet could be used in an effective and useful way, most of us don't (or can't) do that. Instead, we choose\u2026","rel":"","context":"Benzer yaz\u0131","block_context":{"text":"Benzer yaz\u0131","link":""},"img":{"alt_text":"","src":"","width":0,"height":0},"classes":[]},{"id":3,"url":"https:\/\/knowlittlemore.com\/tr\/privacy-policy\/","url_meta":{"origin":91,"position":1},"title":"Privacy Policy","author":"Know Little More","date":"May\u0131s 9, 2023","format":false,"excerpt":"Who we are At https:\/\/knowlittlemore.com, we are committed to protecting the privacy of our customers. This privacy policy explains how we collect, use, and safeguard personal information that you provide us. What we collect: When visitors create an account, we collect name, surname and email address provided by the user.\u2026","rel":"","context":"Benzer yaz\u0131","block_context":{"text":"Benzer yaz\u0131","link":""},"img":{"alt_text":"","src":"","width":0,"height":0},"classes":[]}],"jetpack_likes_enabled":true,"jetpack_sharing_enabled":true,"jetpack_shortlink":"https:\/\/wp.me\/PeO6Ev-1t","_links":{"self":[{"href":"https:\/\/knowlittlemore.com\/tr\/wp-json\/wp\/v2\/pages\/91","targetHints":{"allow":["GET"]}}],"collection":[{"href":"https:\/\/knowlittlemore.com\/tr\/wp-json\/wp\/v2\/pages"}],"about":[{"href":"https:\/\/knowlittlemore.com\/tr\/wp-json\/wp\/v2\/types\/page"}],"author":[{"embeddable":true,"href":"https:\/\/knowlittlemore.com\/tr\/wp-json\/wp\/v2\/users\/1"}],"replies":[{"embeddable":true,"href":"https:\/\/knowlittlemore.com\/tr\/wp-json\/wp\/v2\/comments?post=91"}],"version-history":[{"count":1,"href":"https:\/\/knowlittlemore.com\/tr\/wp-json\/wp\/v2\/pages\/91\/revisions"}],"predecessor-version":[{"id":93,"href":"https:\/\/knowlittlemore.com\/tr\/wp-json\/wp\/v2\/pages\/91\/revisions\/93"}],"wp:attachment":[{"href":"https:\/\/knowlittlemore.com\/tr\/wp-json\/wp\/v2\/media?parent=91"}],"curies":[{"name":"wp","href":"https:\/\/api.w.org\/{rel}","templated":true}]}}