{"id":44,"date":"2023-05-10T05:07:26","date_gmt":"2023-05-10T05:07:26","guid":{"rendered":"https:\/\/knowlittlemore.com\/login-2\/"},"modified":"2023-05-10T05:07:26","modified_gmt":"2023-05-10T05:07:26","slug":"login-2","status":"publish","type":"page","link":"https:\/\/knowlittlemore.com\/tr\/login-2\/","title":{"rendered":"Giri\u015f"},"content":{"rendered":"<div class=\"um um-login um-40\">\n\t<div class=\"um-form\">\n\t\t<form method=\"post\" action=\"\" autocomplete=\"off\" data-trp-original-action=\"\">\n\t\t\t<div class=\"um-row _um_row_1\" style=\"margin: 0 0 30px 0;\"><div class=\"um-col-1\"><div  id=\"um_field_40_username\" class=\"um-field um-field-text  um-field-username um-field-text um-field-type_text\" data-key=\"username\"><div class=\"um-field-label\"><label for=\"username-40\">Username or E-mail<span class=\"um-req\" title=\"Required\">*<\/span><\/label><div class=\"um-clear\"><\/div><\/div><div class=\"um-field-area\"><input  autocomplete=\"off\" class=\"um-form-field valid\" type=\"text\" name=\"username-40\" id=\"username-40\" value=\"\" placeholder=\"\" data-validate=\"unique_username_or_email\" data-key=\"username\"  aria-invalid=\"false\" \/>\n\n\t\t\t\t\t\t<\/div><\/div><div  id=\"um_field_40_user_password\" class=\"um-field um-field-password  um-field-user_password um-field-password um-field-type_password\" data-key=\"user_password\"><div class=\"um-field-label\"><label for=\"user_password-40\">Password<span class=\"um-req\" title=\"Required\">*<\/span><\/label><div class=\"um-clear\"><\/div><\/div><div class=\"um-field-area\"><input class=\"um-form-field valid\" type=\"password\" name=\"user_password-40\" id=\"user_password-40\" value=\"\" placeholder=\"\" data-validate=\"\" data-key=\"user_password\"  aria-invalid=\"false\" \/>\n\n\t\t\t\t\t\t\t<\/div><\/div><\/div><\/div>\t<input type=\"hidden\" name=\"form_id\" id=\"form_id_40\" value=\"40\" \/>\n\t\t<p class=\"um_request_name\">\n\t\t<label for=\"um_request_40\">Only fill in if you are not human<\/label>\n\t\t<input type=\"hidden\" name=\"um_request\" id=\"um_request_40\" class=\"input\" value=\"\" size=\"25\" autocomplete=\"off\" \/>\n\t<\/p>\n\t<input type=\"hidden\" id=\"_wpnonce\" name=\"_wpnonce\" value=\"2e59476d51\" \/><input type=\"hidden\" name=\"_wp_http_referer\" value=\"\/tr\/wp-json\/wp\/v2\/pages\/44\" \/>\n\t<div class=\"um-col-alt\">\n\n\t\t\n\n\t\t\t<div class=\"um-field um-field-c\">\n\t\t\t\t<div class=\"um-field-area\">\n\t\t\t\t\t<label class=\"um-field-checkbox\">\n\t\t\t\t\t\t<input type=\"checkbox\" name=\"rememberme\" value=\"1\"  \/>\n\t\t\t\t\t\t<span class=\"um-field-checkbox-state\"><i class=\"um-icon-android-checkbox-outline-blank\"><\/i><\/span>\n\t\t\t\t\t\t<span class=\"um-field-checkbox-option\"> Keep me signed in<\/span>\n\t\t\t\t\t<\/label>\n\t\t\t\t<\/div>\n\t\t\t<\/div>\n\n\t\t\t\t\t\t<div class=\"um-clear\"><\/div>\n\t\t\n\t\t\t<div class=\"um-left um-half\">\n\t\t\t\t<input type=\"submit\" value=\"Giri\u015f\" class=\"um-button\" id=\"um-submit-btn\" \/>\n\t\t\t<\/div>\n\t\t\t<div class=\"um-right um-half\">\n\t\t\t\t<a href=\"https:\/\/knowlittlemore.com\/tr\/register\/\" class=\"um-button um-alt\">\n\t\t\t\t\tRegister\t\t\t\t<\/a>\n\t\t\t<\/div>\n\n\t\t\n\t\t<div class=\"um-clear\"><\/div>\n\n\t<\/div>\n\n\t\n\t<div class=\"um-col-alt-b\">\n\t\t<a href=\"https:\/\/knowlittlemore.com\/tr\/password-reset\/\" class=\"um-link-alt\">\n\t\t\tForgot your password?\t\t<\/a>\n\t<\/div>\n\n\t\t\t<input type=\"hidden\" name=\"trp-form-language\" value=\"tr\"\/><\/form>\n\t<\/div>\n<\/div>\n<style>\n\t\t\t.um-40.um {\n\t\t\tmax-width: 450px;\n\t\t}\n\t\t<\/style>\n\n<div class=\"pld-like-dislike-wrap pld-template-1\">\r\n    <div class=\"pld-like-wrap  pld-common-wrap\">\r\n    <a href=\"https:\/\/knowlittlemore.com\/tr\/login-2\/?redirect_to=httpsknowlittlemore.comaccount\" class=\"pld-like-trigger pld-like-dislike-trigger\" title=\"\" data-post-id=\"44\" data-trigger-type=\"like\" data-restriction=\"user\" data-already-liked=\"0\">\r\n                        <i class=\"fas fa-thumbs-up\"><\/i>\r\n                <\/a>\r\n    <span class=\"pld-like-count-wrap pld-count-wrap\">0    <\/span>\r\n<\/div><div class=\"pld-dislike-wrap  pld-common-wrap\">\r\n    <a href=\"https:\/\/knowlittlemore.com\/tr\/login-2\/?redirect_to=httpsknowlittlemore.comaccount\" class=\"pld-dislike-trigger pld-like-dislike-trigger\" title=\"\" data-post-id=\"44\" data-trigger-type=\"dislike\" data-restriction=\"user\" data-already-liked=\"0\">\r\n                        <i class=\"fas fa-thumbs-down\"><\/i>\r\n                <\/a>\r\n    <span class=\"pld-dislike-count-wrap pld-count-wrap\">0<\/span>\r\n<\/div><\/div>","protected":false},"excerpt":{"rendered":"<p>0 0<\/p>","protected":false},"author":1,"featured_media":0,"parent":0,"menu_order":0,"comment_status":"closed","ping_status":"closed","template":"","meta":{"nf_dc_page":"","jetpack_post_was_ever_published":false,"footnotes":""},"class_list":["post-44","page","type-page","status-publish","hentry"],"yoast_head":"<!-- This site is optimized with the Yoast SEO plugin v27.4 - https:\/\/yoast.com\/product\/yoast-seo-wordpress\/ -->\n<title>Login - Know little more<\/title>\n<meta name=\"robots\" content=\"index, follow, max-snippet:-1, max-image-preview:large, max-video-preview:-1\" \/>\n<link rel=\"canonical\" href=\"https:\/\/knowlittlemore.com\/tr\/login-2\/\" \/>\n<meta property=\"og:locale\" content=\"tr_TR\" \/>\n<meta property=\"og:type\" content=\"article\" \/>\n<meta property=\"og:title\" content=\"Login - Know little more\" \/>\n<meta property=\"og:description\" content=\"0 0\" \/>\n<meta property=\"og:url\" content=\"https:\/\/knowlittlemore.com\/tr\/login-2\/\" \/>\n<meta property=\"og:site_name\" content=\"Know little more\" \/>\n<meta name=\"twitter:card\" content=\"summary_large_image\" \/>\n<script type=\"application\/ld+json\" class=\"yoast-schema-graph\">{\"@context\":\"https:\\\/\\\/schema.org\",\"@graph\":[{\"@type\":\"WebPage\",\"@id\":\"https:\\\/\\\/knowlittlemore.com\\\/login-2\\\/\",\"url\":\"https:\\\/\\\/knowlittlemore.com\\\/login-2\\\/\",\"name\":\"Login - Know little more\",\"isPartOf\":{\"@id\":\"https:\\\/\\\/knowlittlemore.com\\\/#website\"},\"datePublished\":\"2023-05-10T05:07:26+00:00\",\"breadcrumb\":{\"@id\":\"https:\\\/\\\/knowlittlemore.com\\\/login-2\\\/#breadcrumb\"},\"inLanguage\":\"tr\",\"potentialAction\":[{\"@type\":\"ReadAction\",\"target\":[\"https:\\\/\\\/knowlittlemore.com\\\/login-2\\\/\"]}]},{\"@type\":\"BreadcrumbList\",\"@id\":\"https:\\\/\\\/knowlittlemore.com\\\/login-2\\\/#breadcrumb\",\"itemListElement\":[{\"@type\":\"ListItem\",\"position\":1,\"name\":\"Home\",\"item\":\"https:\\\/\\\/knowlittlemore.com\\\/\"},{\"@type\":\"ListItem\",\"position\":2,\"name\":\"Login\"}]},{\"@type\":\"WebSite\",\"@id\":\"https:\\\/\\\/knowlittlemore.com\\\/#website\",\"url\":\"https:\\\/\\\/knowlittlemore.com\\\/\",\"name\":\"Know little more\",\"description\":\"Something new with every article!\",\"publisher\":{\"@id\":\"https:\\\/\\\/knowlittlemore.com\\\/#\\\/schema\\\/person\\\/1790ecddc6ad8f421cfc0d5bf01d4ed5\"},\"potentialAction\":[{\"@type\":\"SearchAction\",\"target\":{\"@type\":\"EntryPoint\",\"urlTemplate\":\"https:\\\/\\\/knowlittlemore.com\\\/?s={search_term_string}\"},\"query-input\":{\"@type\":\"PropertyValueSpecification\",\"valueRequired\":true,\"valueName\":\"search_term_string\"}}],\"inLanguage\":\"tr\"},{\"@type\":[\"Person\",\"Organization\"],\"@id\":\"https:\\\/\\\/knowlittlemore.com\\\/#\\\/schema\\\/person\\\/1790ecddc6ad8f421cfc0d5bf01d4ed5\",\"name\":\"Know Little More\",\"image\":{\"@type\":\"ImageObject\",\"inLanguage\":\"tr\",\"@id\":\"https:\\\/\\\/secure.gravatar.com\\\/avatar\\\/33efed0653c96b26f180d68ac14641374f500f8ad327d45f95f9c9009598c053?s=96&d=wavatar&r=g\",\"url\":\"https:\\\/\\\/secure.gravatar.com\\\/avatar\\\/33efed0653c96b26f180d68ac14641374f500f8ad327d45f95f9c9009598c053?s=96&d=wavatar&r=g\",\"contentUrl\":\"https:\\\/\\\/secure.gravatar.com\\\/avatar\\\/33efed0653c96b26f180d68ac14641374f500f8ad327d45f95f9c9009598c053?s=96&d=wavatar&r=g\",\"caption\":\"Know Little More\"},\"logo\":{\"@id\":\"https:\\\/\\\/secure.gravatar.com\\\/avatar\\\/33efed0653c96b26f180d68ac14641374f500f8ad327d45f95f9c9009598c053?s=96&d=wavatar&r=g\"},\"description\":\"I love learning new things and want to share what I learn with you. If you want to learn about a topic, ask for it in the comments, Dm me on X or contact me through contact form.\"}]}<\/script>\n<!-- \/ Yoast SEO plugin. -->","yoast_head_json":{"title":"Login - Know little more","robots":{"index":"index","follow":"follow","max-snippet":"max-snippet:-1","max-image-preview":"max-image-preview:large","max-video-preview":"max-video-preview:-1"},"canonical":"https:\/\/knowlittlemore.com\/tr\/login-2\/","og_locale":"tr_TR","og_type":"article","og_title":"Login - Know little more","og_description":"0 0","og_url":"https:\/\/knowlittlemore.com\/tr\/login-2\/","og_site_name":"Know little more","twitter_card":"summary_large_image","schema":{"@context":"https:\/\/schema.org","@graph":[{"@type":"WebPage","@id":"https:\/\/knowlittlemore.com\/login-2\/","url":"https:\/\/knowlittlemore.com\/login-2\/","name":"Login - Know little more","isPartOf":{"@id":"https:\/\/knowlittlemore.com\/#website"},"datePublished":"2023-05-10T05:07:26+00:00","breadcrumb":{"@id":"https:\/\/knowlittlemore.com\/login-2\/#breadcrumb"},"inLanguage":"tr","potentialAction":[{"@type":"ReadAction","target":["https:\/\/knowlittlemore.com\/login-2\/"]}]},{"@type":"BreadcrumbList","@id":"https:\/\/knowlittlemore.com\/login-2\/#breadcrumb","itemListElement":[{"@type":"ListItem","position":1,"name":"Home","item":"https:\/\/knowlittlemore.com\/"},{"@type":"ListItem","position":2,"name":"Login"}]},{"@type":"WebSite","@id":"https:\/\/knowlittlemore.com\/#website","url":"https:\/\/knowlittlemore.com\/","name":"Know little more","description":"Her yaz\u0131da yeni bir bilgi!","publisher":{"@id":"https:\/\/knowlittlemore.com\/#\/schema\/person\/1790ecddc6ad8f421cfc0d5bf01d4ed5"},"potentialAction":[{"@type":"SearchAction","target":{"@type":"EntryPoint","urlTemplate":"https:\/\/knowlittlemore.com\/?s={search_term_string}"},"query-input":{"@type":"PropertyValueSpecification","valueRequired":true,"valueName":"search_term_string"}}],"inLanguage":"tr"},{"@type":["Person","Organization"],"@id":"https:\/\/knowlittlemore.com\/#\/schema\/person\/1790ecddc6ad8f421cfc0d5bf01d4ed5","name":"Know Little More","image":{"@type":"ImageObject","inLanguage":"tr","@id":"https:\/\/secure.gravatar.com\/avatar\/33efed0653c96b26f180d68ac14641374f500f8ad327d45f95f9c9009598c053?s=96&d=wavatar&r=g","url":"https:\/\/secure.gravatar.com\/avatar\/33efed0653c96b26f180d68ac14641374f500f8ad327d45f95f9c9009598c053?s=96&d=wavatar&r=g","contentUrl":"https:\/\/secure.gravatar.com\/avatar\/33efed0653c96b26f180d68ac14641374f500f8ad327d45f95f9c9009598c053?s=96&d=wavatar&r=g","caption":"Know Little More"},"logo":{"@id":"https:\/\/secure.gravatar.com\/avatar\/33efed0653c96b26f180d68ac14641374f500f8ad327d45f95f9c9009598c053?s=96&d=wavatar&r=g"},"description":"I love learning new things and want to share what I learn with you. If you want to learn about a topic, ask for it in the comments, Dm me on X or contact me through contact form."}]}},"jetpack-related-posts":[{"id":43,"url":"https:\/\/knowlittlemore.com\/tr\/user\/","url_meta":{"origin":44,"position":0},"title":"Kullan\u0131c\u0131","author":"Know Little More","date":"May\u0131s 10, 2023","format":false,"excerpt":"","rel":"","context":"Benzer yaz\u0131","block_context":{"text":"Benzer yaz\u0131","link":""},"img":{"alt_text":"","src":"","width":0,"height":0},"classes":[]},{"id":45,"url":"https:\/\/knowlittlemore.com\/tr\/register\/","url_meta":{"origin":44,"position":1},"title":"Register","author":"Know Little More","date":"May\u0131s 10, 2023","format":false,"excerpt":"","rel":"","context":"Benzer yaz\u0131","block_context":{"text":"Benzer yaz\u0131","link":""},"img":{"alt_text":"","src":"","width":0,"height":0},"classes":[]},{"id":46,"url":"https:\/\/knowlittlemore.com\/tr\/members\/","url_meta":{"origin":44,"position":2},"title":"Members","author":"Know Little More","date":"May\u0131s 10, 2023","format":false,"excerpt":"","rel":"","context":"Benzer yaz\u0131","block_context":{"text":"Benzer yaz\u0131","link":""},"img":{"alt_text":"","src":"","width":0,"height":0},"classes":[]}],"jetpack_likes_enabled":true,"jetpack_sharing_enabled":true,"jetpack_shortlink":"https:\/\/wp.me\/PeO6Ev-I","_links":{"self":[{"href":"https:\/\/knowlittlemore.com\/tr\/wp-json\/wp\/v2\/pages\/44","targetHints":{"allow":["GET"]}}],"collection":[{"href":"https:\/\/knowlittlemore.com\/tr\/wp-json\/wp\/v2\/pages"}],"about":[{"href":"https:\/\/knowlittlemore.com\/tr\/wp-json\/wp\/v2\/types\/page"}],"author":[{"embeddable":true,"href":"https:\/\/knowlittlemore.com\/tr\/wp-json\/wp\/v2\/users\/1"}],"replies":[{"embeddable":true,"href":"https:\/\/knowlittlemore.com\/tr\/wp-json\/wp\/v2\/comments?post=44"}],"version-history":[{"count":0,"href":"https:\/\/knowlittlemore.com\/tr\/wp-json\/wp\/v2\/pages\/44\/revisions"}],"wp:attachment":[{"href":"https:\/\/knowlittlemore.com\/tr\/wp-json\/wp\/v2\/media?parent=44"}],"curies":[{"name":"wp","href":"https:\/\/api.w.org\/{rel}","templated":true}]}}